{"id":352,"date":"2026-01-08T16:57:19","date_gmt":"2026-01-08T15:57:19","guid":{"rendered":"https:\/\/born2sell.fr\/?post_type=product&#038;p=352"},"modified":"2026-01-08T16:57:20","modified_gmt":"2026-01-08T15:57:20","slug":"dodge-challenger-r-t-v8-5-7-2015","status":"publish","type":"product","link":"https:\/\/born2sell.fr\/index.php\/produit\/dodge-challenger-r-t-v8-5-7-2015\/","title":{"rendered":"Dodge Challenger R\/T+ &#8211; V8 5.7 &#8211; 2015"},"content":{"rendered":"<p>Dodge Challenger R\/T+ &#8211; V8 5.7 &#8211; 2015<\/p>\n<p>Caract\u00e9ristiques principales<br \/>\nAnn\u00e9e: 07\/2015<br \/>\nKilom\u00e9trage: 63800 km<br \/>\nMotorisation: V8 5.7 HEMI 381ch<br \/>\nBoite automatique ZF8<\/p>\n<p>Options:<\/p>\n<p>&#8211; Si\u00e8ges ventil\u00e9s<br \/>\n&#8211; Si\u00e8ges chauffants<br \/>\n&#8211; Cam\u00e9ra de recul<br \/>\n&#8211; Syst\u00e8me audio Alpine<br \/>\n&#8211; Volant chauffant et ventil\u00e9s<br \/>\n&#8211; Carplay \/ Android Auto<br \/>\n&#8211; R\u00e9gulateur de vitesse<br \/>\n&#8211; Keyless<\/p>\n<p>Informations compl\u00e9mentaires:<\/p>\n<p>Le v\u00e9hicule se trouve en Allemagne depuis 2017, son historique est complet, aux \u00c9tats-Unis comme en Allemagne et enti\u00e8rement document\u00e9.<br \/>\nDe nombreuses factures et tous les rapports du T\u00dcV (contr\u00f4le technique allemand) sont disponibles,<\/p>\n<p>Le prix affich\u00e9 comprends l&rsquo;homologation,<br \/>\n____________________________<\/p>\n<p>Services disponibles avec Born 2 Sell<\/p>\n<p>\u2022 Reprise de votre v\u00e9hicule possible<br \/>\n\u2022 Extension de garantie jusqu\u2019\u00e0 60 mois selon le mod\u00e8le de v\u00e9hicule<br \/>\n\u2022 Personnalisation sur-mesure : covering, peinture de jantes, ligne d\u2019\u00e9chappement, inserts carbone\u2026<br \/>\n\u2022 Livraison dans toute la France et la Belgique, sur devis<br \/>\n\u2022 Recherche personnalis\u00e9e : sportives, muscle car, v\u00e9hicules haut de gamme, supercar<br \/>\n\u2022 Import &amp; homologation : prise en charge compl\u00e8te<br \/>\n\u2022 Service Valet offert : chauffeur priv\u00e9 r\u00e9serv\u00e9 lors de votre arriv\u00e9e (gare\/a\u00e9roport Paris)<\/p>\n<p>Contactez-nous pour toute information, photos ou visite<br \/>\nWe also speak English \u2013 don\u2019t hesitate to reach out.<\/p>\n","protected":false},"excerpt":{"rendered":"<p>Dodge Challenger R\/T+ &#8211; V8 5.7 &#8211; 2015 Caract\u00e9ristiques principales Ann\u00e9e: 07\/2015 Kilom\u00e9trage: 63800 km Motorisation: V8 5.7 HEMI 381ch Boite automatique ZF8 Options: &#8211; Si\u00e8ges ventil\u00e9s &#8211; Si\u00e8ges chauffants &#8211; Cam\u00e9ra de recul &#8211; Syst\u00e8me audio Alpine &#8211; Volant chauffant et ventil\u00e9s &#8211; Carplay \/ Android Auto &#8211; R\u00e9gulateur de vitesse &#8211; Keyless Informations&#8230;<\/p>\n","protected":false},"featured_media":353,"comment_status":"open","ping_status":"closed","template":"","meta":{"_acf_changed":false,"_kad_blocks_custom_css":"","_kad_blocks_head_custom_js":"","_kad_blocks_body_custom_js":"","_kad_blocks_footer_custom_js":"","_kadence_starter_templates_imported_post":false,"_kad_post_transparent":"default","_kad_post_title":"","_kad_post_layout":"default","_kad_post_sidebar_id":"","_kad_post_content_style":"default","_kad_post_vertical_padding":"default","_kad_post_feature":"","_kad_post_feature_position":"","_kad_post_header":false,"_kad_post_footer":false,"_kad_post_classname":""},"product_brand":[21],"product_cat":[20],"product_tag":[],"class_list":{"0":"post-352","1":"product","2":"type-product","3":"status-publish","4":"has-post-thumbnail","6":"product_brand-dodge","7":"product_cat-occasion","9":"first","10":"instock","11":"shipping-taxable","12":"product-type-simple","13":"entry","14":"content-bg","15":"loop-entry"},"acf":[],"taxonomy_info":{"product_brand":[{"value":21,"label":"Dodge"}],"product_cat":[{"value":20,"label":"Occasion"}]},"featured_image_src_large":["https:\/\/born2sell.fr\/wp-content\/uploads\/2026\/01\/f81f70df38379453a38ff5a711cc8e57bf5a46da-1024x748.jpg",1024,748,true],"author_info":[],"comment_info":0,"jetpack_sharing_enabled":true,"_links":{"self":[{"href":"https:\/\/born2sell.fr\/index.php\/wp-json\/wp\/v2\/product\/352","targetHints":{"allow":["GET"]}}],"collection":[{"href":"https:\/\/born2sell.fr\/index.php\/wp-json\/wp\/v2\/product"}],"about":[{"href":"https:\/\/born2sell.fr\/index.php\/wp-json\/wp\/v2\/types\/product"}],"replies":[{"embeddable":true,"href":"https:\/\/born2sell.fr\/index.php\/wp-json\/wp\/v2\/comments?post=352"}],"wp:featuredmedia":[{"embeddable":true,"href":"https:\/\/born2sell.fr\/index.php\/wp-json\/wp\/v2\/media\/353"}],"wp:attachment":[{"href":"https:\/\/born2sell.fr\/index.php\/wp-json\/wp\/v2\/media?parent=352"}],"wp:term":[{"taxonomy":"product_brand","embeddable":true,"href":"https:\/\/born2sell.fr\/index.php\/wp-json\/wp\/v2\/product_brand?post=352"},{"taxonomy":"product_cat","embeddable":true,"href":"https:\/\/born2sell.fr\/index.php\/wp-json\/wp\/v2\/product_cat?post=352"},{"taxonomy":"product_tag","embeddable":true,"href":"https:\/\/born2sell.fr\/index.php\/wp-json\/wp\/v2\/product_tag?post=352"}],"curies":[{"name":"wp","href":"https:\/\/api.w.org\/{rel}","templated":true}]}}