{"id":193,"date":"2026-01-07T15:21:26","date_gmt":"2026-01-07T14:21:26","guid":{"rendered":"https:\/\/born2sell.fr\/?post_type=product&#038;p=193"},"modified":"2026-01-09T02:55:28","modified_gmt":"2026-01-09T01:55:28","slug":"mercedes-benz-e63-amg-s-4matic-585cv-toit-panoramique-hk-keyless","status":"publish","type":"product","link":"https:\/\/born2sell.fr\/index.php\/produit\/mercedes-benz-e63-amg-s-4matic-585cv-toit-panoramique-hk-keyless\/","title":{"rendered":"Mercedes-Benz E63 AMG S 4matic 585cv &#8211; Toit panoramique &#8211; HK &#8211; Keyless"},"content":{"rendered":"<p>Mercedes-Benz E63 AMG S 4Matic<\/p>\n<p>V8 5.5 585Cv 4Matic<br \/>\nBoite automatique 7 rapports<br \/>\n108.000km<\/p>\n<p>\u2022 Carnet d\u2019entretien complet<\/p>\n<p>Options :<br \/>\n\u2022 Sellerie cuir Nappa<br \/>\n\u2022 Si\u00e8ges avant \u00e0 r\u00e9glage \u00e9lectrique<br \/>\n\u2022 Si\u00e8ges avant et arri\u00e8re chauffants<br \/>\n\u2022 Syst\u00e8me de navigation audio : Autopilot APS COMAND<br \/>\n\u2022 Tuner DAB (radio num\u00e9rique)<br \/>\n\u2022 Pack d\u2019assistance \u00e0 la conduite<br \/>\n\u2022 Assistant feux de route adaptatifs Plus<br \/>\n\u2022 Reconnaissance des panneaux de signalisation<br \/>\n\u2022 Ouverture et fermeture automatiques du coffre (syst\u00e8me d\u2019acc\u00e8s mains libres)<br \/>\n\u2022 Pack Keyless Go<br \/>\n\u2022 R\u00e9servoir de carburant grande capacit\u00e9<br \/>\n\u2022 Jantes alliage avant\/arri\u00e8re : 9&#215;19 \/ 9,5&#215;19 (AMG, \u00e0 doubles rayons, forg\u00e9es)<br \/>\n\u2022 Interface multim\u00e9dia (interface universelle) (pour iPod \/ AUX) \/ USB \/ MP3)<br \/>\n\u2022 Toit ouvrant panoramique \u00e9lectrique (toit enti\u00e8rement vitr\u00e9)<br \/>\n\u2022 Pack Stationnement<br \/>\n\u2022 Si\u00e8ges arri\u00e8re chauffants<br \/>\n\u2022 Syst\u00e8me audio Harman Kardon avec son surround Logic7<br \/>\n\u2022 Vitrage feuillet\u00e9 de s\u00e9curit\u00e9 (VSG) avec film acoustique<br \/>\n\u2022 Feux stop adaptatifs<br \/>\n\u2022 \u00c9clairage d&rsquo;ambiance<br \/>\n\u2022 Allumage automatique des phares<br \/>\n\u2022 Bo\u00eete de vitesses automatique \u00e0 7 rapports<br \/>\n\u2022 Feux arri\u00e8re \u00e0 LED<br \/>\n\u2022 Fixations ISOFIX pour si\u00e8ges enfant \u00e0 l&rsquo;arri\u00e8re<br \/>\n\u2022 Climatisation automatique Thermotronic 3 zones<br \/>\n\u2022 Appuie-t\u00eate avant NECK-PRO<br \/>\n\u2022 Essuie-glaces automatiques<br \/>\n\u2022 Phares LED avec r\u00e9partition adaptative de la lumi\u00e8re (Intelligent Light System)<br \/>\n\u2022 Pare-soleil \u00e9lectrique pour la lunette arri\u00e8re<\/p>\n<p>______<\/p>\n<p>Services disponibles avec Born 2 Sell :<\/p>\n<p>\u2022 Reprise de votre v\u00e9hicule<br \/>\n\u2022 Extension de garantie jusqu\u2019\u00e0 24 mois<br \/>\n\u2022 Personnalisation sur-mesure : covering, peinture de jantes, ligne d\u2019\u00e9chappement, d\u00e9tails esth\u00e9tiques\u2026<br \/>\n\u2022 Livraison disponible dans toute la France et en Belgique, sur devis<br \/>\n\u2022 Recherche personnalis\u00e9e : sportives et v\u00e9hicules de prestige<br \/>\n\u2022 Import &amp; homologation : prise en charge compl\u00e8te des v\u00e9hicules europ\u00e9ens et am\u00e9ricains<br \/>\n\u2022 Service Valet offert : chauffeur priv\u00e9 lors de votre arriv\u00e9e (gare\/a\u00e9roport Paris)<\/p>\n<p>\u2e3b<\/p>\n<p>Contactez-nous pour toute information, photos ou visite We also speak English \u2013 don\u2019t hesitate to reach out.<\/p>\n","protected":false},"excerpt":{"rendered":"<p>Mercedes-Benz E63 AMG S 4Matic V8 5.5 585Cv 4Matic Boite automatique 7 rapports 108.000km \u2022 Carnet d\u2019entretien complet Options : \u2022 Sellerie cuir Nappa \u2022 Si\u00e8ges avant \u00e0 r\u00e9glage \u00e9lectrique \u2022 Si\u00e8ges avant et arri\u00e8re chauffants \u2022 Syst\u00e8me de navigation audio : Autopilot APS COMAND \u2022 Tuner DAB (radio num\u00e9rique) \u2022 Pack d\u2019assistance \u00e0 la&#8230;<\/p>\n","protected":false},"featured_media":194,"comment_status":"open","ping_status":"closed","template":"","meta":{"_acf_changed":false,"_kad_blocks_custom_css":"","_kad_blocks_head_custom_js":"","_kad_blocks_body_custom_js":"","_kad_blocks_footer_custom_js":"","_kadence_starter_templates_imported_post":false,"_kad_post_transparent":"default","_kad_post_title":"","_kad_post_layout":"default","_kad_post_sidebar_id":"","_kad_post_content_style":"default","_kad_post_vertical_padding":"default","_kad_post_feature":"","_kad_post_feature_position":"","_kad_post_header":false,"_kad_post_footer":false,"_kad_post_classname":""},"product_brand":[25],"product_cat":[16],"product_tag":[],"class_list":{"0":"post-193","1":"product","2":"type-product","3":"status-publish","4":"has-post-thumbnail","6":"product_brand-mercedesbenz","7":"product_cat-non-classe","9":"first","10":"instock","11":"shipping-taxable","12":"product-type-simple","13":"entry","14":"content-bg","15":"loop-entry"},"acf":[],"taxonomy_info":{"product_brand":[{"value":25,"label":"Mercedes-Benz"}],"product_cat":[{"value":16,"label":"Non class\u00e9"}]},"featured_image_src_large":["https:\/\/born2sell.fr\/wp-content\/uploads\/2026\/01\/dc7350c488fbe7aa5898c727e6b9ac8d18e1ea24-1024x740.jpg",1024,740,true],"author_info":[],"comment_info":0,"jetpack_sharing_enabled":true,"_links":{"self":[{"href":"https:\/\/born2sell.fr\/index.php\/wp-json\/wp\/v2\/product\/193","targetHints":{"allow":["GET"]}}],"collection":[{"href":"https:\/\/born2sell.fr\/index.php\/wp-json\/wp\/v2\/product"}],"about":[{"href":"https:\/\/born2sell.fr\/index.php\/wp-json\/wp\/v2\/types\/product"}],"replies":[{"embeddable":true,"href":"https:\/\/born2sell.fr\/index.php\/wp-json\/wp\/v2\/comments?post=193"}],"wp:featuredmedia":[{"embeddable":true,"href":"https:\/\/born2sell.fr\/index.php\/wp-json\/wp\/v2\/media\/194"}],"wp:attachment":[{"href":"https:\/\/born2sell.fr\/index.php\/wp-json\/wp\/v2\/media?parent=193"}],"wp:term":[{"taxonomy":"product_brand","embeddable":true,"href":"https:\/\/born2sell.fr\/index.php\/wp-json\/wp\/v2\/product_brand?post=193"},{"taxonomy":"product_cat","embeddable":true,"href":"https:\/\/born2sell.fr\/index.php\/wp-json\/wp\/v2\/product_cat?post=193"},{"taxonomy":"product_tag","embeddable":true,"href":"https:\/\/born2sell.fr\/index.php\/wp-json\/wp\/v2\/product_tag?post=193"}],"curies":[{"name":"wp","href":"https:\/\/api.w.org\/{rel}","templated":true}]}}