{"id":18,"date":"2025-12-29T17:43:04","date_gmt":"2025-12-29T16:43:04","guid":{"rendered":"https:\/\/born2sell.fr\/?page_id=18"},"modified":"2026-02-13T11:51:23","modified_gmt":"2026-02-13T10:51:23","slug":"accueil","status":"publish","type":"page","link":"https:\/\/born2sell.fr\/","title":{"rendered":"ACCUEIL"},"content":{"rendered":"\n<div class=\"wp-block-columns is-layout-flex wp-container-core-columns-is-layout-9d6595d7 wp-block-columns-is-layout-flex\">\n<div class=\"wp-block-column is-layout-flow wp-block-column-is-layout-flow\">\n<div class=\"wp-block-cover aligncenter\" style=\"min-height:1184px;aspect-ratio:unset;\"><img fetchpriority=\"high\" decoding=\"async\" width=\"1376\" height=\"768\" class=\"wp-block-cover__image-background wp-image-735 size-full\" alt=\"\" src=\"https:\/\/born2sell.fr\/wp-content\/uploads\/2026\/02\/IMG_3623.png\" data-object-fit=\"cover\" srcset=\"https:\/\/born2sell.fr\/wp-content\/uploads\/2026\/02\/IMG_3623.png 1376w, https:\/\/born2sell.fr\/wp-content\/uploads\/2026\/02\/IMG_3623-300x167.png 300w, https:\/\/born2sell.fr\/wp-content\/uploads\/2026\/02\/IMG_3623-1024x572.png 1024w, https:\/\/born2sell.fr\/wp-content\/uploads\/2026\/02\/IMG_3623-768x429.png 768w, https:\/\/born2sell.fr\/wp-content\/uploads\/2026\/02\/IMG_3623-500x279.png 500w\" sizes=\"(max-width: 1376px) 100vw, 1376px\" \/><span aria-hidden=\"true\" class=\"wp-block-cover__background has-background-dim\"><\/span><div class=\"wp-block-cover__inner-container is-layout-flow wp-block-cover-is-layout-flow\"><style>.wp-block-kadence-advancedheading.kt-adv-heading18_8c70e8-ab, .wp-block-kadence-advancedheading.kt-adv-heading18_8c70e8-ab[data-kb-block=\"kb-adv-heading18_8c70e8-ab\"]{max-width:1400px;margin-right:auto;margin-left:auto;padding-top:0px;padding-bottom:var(--global-kb-spacing-5xl, 10rem);text-align:center;font-size:var(--global-kb-font-size-xxxl, 5rem);font-style:normal;}.wp-block-kadence-advancedheading.kt-adv-heading18_8c70e8-ab mark.kt-highlight, .wp-block-kadence-advancedheading.kt-adv-heading18_8c70e8-ab[data-kb-block=\"kb-adv-heading18_8c70e8-ab\"] mark.kt-highlight{font-style:normal;color:#f76a0c;-webkit-box-decoration-break:clone;box-decoration-break:clone;padding-top:0px;padding-right:0px;padding-bottom:0px;padding-left:0px;}@media all and (max-width: 1024px){.wp-block-kadence-advancedheading.kt-adv-heading18_8c70e8-ab, .wp-block-kadence-advancedheading.kt-adv-heading18_8c70e8-ab[data-kb-block=\"kb-adv-heading18_8c70e8-ab\"]{font-size:var(--global-kb-font-size-xxxl, 5rem);}}<\/style>\n<h2 class=\"kt-adv-heading18_8c70e8-ab wp-block-kadence-advancedheading has-theme-palette-9-color has-text-color\" data-kb-block=\"kb-adv-heading18_8c70e8-ab\">Des v\u00e9hicules s\u00e9lectionn\u00e9s avec exigence, vendus en toute confiance.<\/h2>\n\n\n<style>.wp-block-kadence-advancedbtn.kb-btns18_9d02d1-e4{gap:var(--global-kb-gap-xs, 0.5rem );justify-content:center;align-items:flex-start;}.kt-btns18_9d02d1-e4 .kt-button{font-weight:normal;font-style:normal;}.kt-btns18_9d02d1-e4 .kt-btn-wrap-0{margin-right:5px;}.wp-block-kadence-advancedbtn.kt-btns18_9d02d1-e4 .kt-btn-wrap-0 .kt-button{color:#555555;border-color:#555555;}.wp-block-kadence-advancedbtn.kt-btns18_9d02d1-e4 .kt-btn-wrap-0 .kt-button:hover, .wp-block-kadence-advancedbtn.kt-btns18_9d02d1-e4 .kt-btn-wrap-0 .kt-button:focus{color:#ffffff;border-color:#444444;}.wp-block-kadence-advancedbtn.kt-btns18_9d02d1-e4 .kt-btn-wrap-0 .kt-button::before{display:none;}.wp-block-kadence-advancedbtn.kt-btns18_9d02d1-e4 .kt-btn-wrap-0 .kt-button:hover, .wp-block-kadence-advancedbtn.kt-btns18_9d02d1-e4 .kt-btn-wrap-0 .kt-button:focus{background:#444444;}@media all and (max-width: 1024px){.wp-block-kadence-advancedbtn.kb-btns18_9d02d1-e4{justify-content:flex-start;}}@media all and (max-width: 767px){.wp-block-kadence-advancedbtn.kb-btns18_9d02d1-e4{justify-content:center;}}<\/style>\n<div class=\"wp-block-kadence-advancedbtn kb-buttons-wrap kb-btns18_9d02d1-e4\"><style>.wp-block-kadence-advancedbtn .kb-btn18_18f710-35.kb-button, ul.menu .wp-block-kadence-advancedbtn .kb-btn18_18f710-35.kb-button{width:250px;}.wp-block-kadence-advancedbtn .kb-btn18_18f710-35.kb-button{color:#000000;background:#ff9900;}.wp-block-kadence-advancedbtn .kb-btn18_18f710-35.kb-button:hover, .wp-block-kadence-advancedbtn .kb-btn18_18f710-35.kb-button:focus{color:var(--global-palette3, #1A202C);background:var(--global-palette15, #3182CE);}<\/style><a class=\"kb-button kt-button button kb-btn18_18f710-35 kt-btn-size-xlarge kt-btn-width-type-fixed kb-btn-global-fill  kt-btn-has-text-true kt-btn-has-svg-false  wp-block-kadence-singlebtn\" href=\"https:\/\/born2sell.fr\/index.php\/nosvehicules\/\"><span class=\"kt-btn-inner-text\">VOIR NOTRE Stock<\/span><\/a><\/div>\n<\/div><\/div>\n<\/div>\n<\/div>\n\n\n<style>.kadence-column18_2f8453-4d > .kt-inside-inner-col,.kadence-column18_2f8453-4d > .kt-inside-inner-col:before{border-top-left-radius:0px;border-top-right-radius:0px;border-bottom-right-radius:0px;border-bottom-left-radius:0px;}.kadence-column18_2f8453-4d > .kt-inside-inner-col{column-gap:var(--global-kb-gap-sm, 1rem);}.kadence-column18_2f8453-4d > .kt-inside-inner-col{flex-direction:column;}.kadence-column18_2f8453-4d > .kt-inside-inner-col > .aligncenter{width:100%;}.kadence-column18_2f8453-4d > .kt-inside-inner-col:before{opacity:0.3;}.kadence-column18_2f8453-4d{position:relative;}@media all and (max-width: 1024px){.kadence-column18_2f8453-4d > .kt-inside-inner-col{flex-direction:column;justify-content:center;}}@media all and (max-width: 767px){.kadence-column18_2f8453-4d > .kt-inside-inner-col{flex-direction:column;justify-content:center;}}<\/style>\n<div class=\"wp-block-kadence-column kadence-column18_2f8453-4d\"><div class=\"kt-inside-inner-col\"><style>.kb-row-layout-id18_bf2384-ff > .kt-row-column-wrap{align-content:start;}:where(.kb-row-layout-id18_bf2384-ff > .kt-row-column-wrap) > .wp-block-kadence-column{justify-content:start;}.kb-row-layout-id18_bf2384-ff > .kt-row-column-wrap{column-gap:var(--global-kb-gap-md, 2rem);row-gap:var(--global-kb-gap-md, 2rem);max-width:var( --global-content-width, 1290px );padding-left:var(--global-content-edge-padding);padding-right:var(--global-content-edge-padding);padding-top:var(--global-kb-spacing-xl, 4rem);padding-bottom:var(--global-kb-spacing-xl, 4rem);grid-template-columns:minmax(0, 1fr);}.kb-row-layout-id18_bf2384-ff > .kt-row-layout-overlay{opacity:0.30;}@media all and (max-width: 1024px){.kb-row-layout-id18_bf2384-ff > .kt-row-column-wrap{grid-template-columns:minmax(0, 1fr);}}@media all and (max-width: 767px){.kb-row-layout-id18_bf2384-ff > .kt-row-column-wrap{grid-template-columns:minmax(0, 1fr);}}<\/style><div class=\"kb-row-layout-wrap kb-row-layout-id18_bf2384-ff alignfull has-theme-palette8-background-color kt-row-has-bg wp-block-kadence-rowlayout\" id=\"popular\"><div class=\"kt-row-column-wrap kt-has-1-columns kt-row-layout-equal kt-tab-layout-inherit kt-mobile-layout-row kt-row-valign-top kb-theme-content-width\">\n<style>.kadence-column18_88e11b-e8 > .kt-inside-inner-col,.kadence-column18_88e11b-e8 > .kt-inside-inner-col:before{border-top-left-radius:0px;border-top-right-radius:0px;border-bottom-right-radius:0px;border-bottom-left-radius:0px;}.kadence-column18_88e11b-e8 > .kt-inside-inner-col{column-gap:var(--global-kb-gap-sm, 1rem);}.kadence-column18_88e11b-e8 > .kt-inside-inner-col{flex-direction:column;}.kadence-column18_88e11b-e8 > .kt-inside-inner-col > .aligncenter{width:100%;}.kadence-column18_88e11b-e8 > .kt-inside-inner-col:before{opacity:0.3;}.kadence-column18_88e11b-e8{position:relative;}@media all and (max-width: 1024px){.kadence-column18_88e11b-e8 > .kt-inside-inner-col{flex-direction:column;justify-content:center;}}@media all and (max-width: 767px){.kadence-column18_88e11b-e8 > .kt-inside-inner-col{flex-direction:column;justify-content:center;}}<\/style>\n<div class=\"wp-block-kadence-column kadence-column18_88e11b-e8 inner-column-1\"><div class=\"kt-inside-inner-col\"><style>.wp-block-kadence-advancedheading.kt-adv-heading18_069d28-60, .wp-block-kadence-advancedheading.kt-adv-heading18_069d28-60[data-kb-block=\"kb-adv-heading18_069d28-60\"]{font-size:var(--global-kb-font-size-xl, 3rem);font-weight:400;font-style:normal;font-family:'Bebas Neue';text-transform:capitalize;}.wp-block-kadence-advancedheading.kt-adv-heading18_069d28-60 mark.kt-highlight, .wp-block-kadence-advancedheading.kt-adv-heading18_069d28-60[data-kb-block=\"kb-adv-heading18_069d28-60\"] mark.kt-highlight{font-style:normal;color:#f76a0c;-webkit-box-decoration-break:clone;box-decoration-break:clone;padding-top:0px;padding-right:0px;padding-bottom:0px;padding-left:0px;}<\/style>\n<h2 class=\"kt-adv-heading18_069d28-60 wp-block-kadence-advancedheading\" data-kb-block=\"kb-adv-heading18_069d28-60\">Les derni\u00e8res nouveaut\u00e9s<\/h2>\n\n\n<div data-align-buttons=\"true\" data-block-name=\"woocommerce\/handpicked-products\" data-products=\"[327,340,352]\" class=\"wc-block-grid wp-block-handpicked-products wp-block-woocommerce-handpicked-products wc-block-handpicked-products has-3-columns has-multiple-rows has-aligned-buttons\"><ul class=\"wc-block-grid__products\"><li class=\"wc-block-grid__product entry loop-entry content-bg woo-archive-action-on-hover woo-archive-btn-text product-loop-boxed woo-archive-image-hover-none\"><a href=\"https:\/\/born2sell.fr\/index.php\/produit\/dodge-challenger-r-t-v8-5-7-2015\/\" class=\"wc-block-grid__product-link woocommerce-loop-image-link woocommerce-LoopProduct-link woocommerce-loop-product__link\">\n\t\t\t\t\t<img decoding=\"async\" width=\"300\" height=\"200\" src=\"https:\/\/born2sell.fr\/wp-content\/uploads\/2026\/01\/f81f70df38379453a38ff5a711cc8e57bf5a46da-300x200.jpg\" class=\"attachment-woocommerce_thumbnail size-woocommerce_thumbnail\" alt=\"Dodge Challenger R\/T+ - V8 5.7 - 2015\" \/>\n\t\t\t\t\t\n\t\t\t\t<\/a>\n\t\t\t\t<div class=\"product-details content-bg entry-content-wrap\">\n\t\t\t\t\t<a href=\"https:\/\/born2sell.fr\/index.php\/produit\/dodge-challenger-r-t-v8-5-7-2015\/\" class=\"wc-block-grid__product-title-link\">\n\t\t\t\t\t\t<div class=\"wc-block-grid__product-title\">Dodge Challenger R\/T+ &#8211; V8 5.7 &#8211; 2015<\/div>\n\t\t\t\t\t<\/a>\n\t\t\t\t\t\n\t\t\t\t\t<div class=\"wc-block-grid__product-price price\"><\/div>\n\t\t\t\t\t<div class=\"wp-block-button wc-block-grid__product-add-to-cart\"><a href=\"https:\/\/born2sell.fr\/index.php\/produit\/dodge-challenger-r-t-v8-5-7-2015\/\" aria-label=\"En savoir plus sur &ldquo;Dodge Challenger R\/T+ - V8 5.7 - 2015&rdquo;\" data-quantity=\"1\" data-product_id=\"352\" data-product_sku=\"\" rel=\"nofollow\" class=\"wp-block-button__link add_to_cart_button\">Lire la suite<span class=\"kadence-svg-iconset svg-baseline\"><svg aria-hidden=\"true\" class=\"kadence-svg-icon kadence-arrow-right-alt-svg\" fill=\"currentColor\" version=\"1.1\" xmlns=\"http:\/\/www.w3.org\/2000\/svg\" width=\"27\" height=\"28\" viewBox=\"0 0 27 28\"><title>Continuer<\/title><path d=\"M27 13.953c0 0.141-0.063 0.281-0.156 0.375l-6 5.531c-0.156 0.141-0.359 0.172-0.547 0.094-0.172-0.078-0.297-0.25-0.297-0.453v-3.5h-19.5c-0.281 0-0.5-0.219-0.5-0.5v-3c0-0.281 0.219-0.5 0.5-0.5h19.5v-3.5c0-0.203 0.109-0.375 0.297-0.453s0.391-0.047 0.547 0.078l6 5.469c0.094 0.094 0.156 0.219 0.156 0.359v0z\"><\/path>\n\t\t\t\t<\/svg><\/span><span class=\"kadence-svg-iconset svg-baseline\"><svg class=\"kadence-svg-icon kadence-spinner-svg\" fill=\"currentColor\" version=\"1.1\" xmlns=\"http:\/\/www.w3.org\/2000\/svg\" width=\"16\" height=\"16\" viewBox=\"0 0 16 16\"><title>Chargement<\/title><path d=\"M16 6h-6l2.243-2.243c-1.133-1.133-2.64-1.757-4.243-1.757s-3.109 0.624-4.243 1.757c-1.133 1.133-1.757 2.64-1.757 4.243s0.624 3.109 1.757 4.243c1.133 1.133 2.64 1.757 4.243 1.757s3.109-0.624 4.243-1.757c0.095-0.095 0.185-0.192 0.273-0.292l1.505 1.317c-1.466 1.674-3.62 2.732-6.020 2.732-4.418 0-8-3.582-8-8s3.582-8 8-8c2.209 0 4.209 0.896 5.656 2.344l2.343-2.344v6z\"><\/path>\n\t\t\t\t<\/svg><\/span><span class=\"kadence-svg-iconset svg-baseline\"><svg class=\"kadence-svg-icon kadence-check-svg\" fill=\"currentColor\" version=\"1.1\" xmlns=\"http:\/\/www.w3.org\/2000\/svg\" width=\"16\" height=\"16\" viewBox=\"0 0 16 16\"><title>Termin\u00e9<\/title><path d=\"M14 2.5l-8.5 8.5-3.5-3.5-1.5 1.5 5 5 10-10z\"><\/path>\n\t\t\t\t<\/svg><\/span><\/a><\/div>\n\t\t\t\t<\/div>\n\t\t\t<\/li><li class=\"wc-block-grid__product entry loop-entry content-bg woo-archive-action-on-hover woo-archive-btn-text product-loop-boxed woo-archive-image-hover-none\"><a href=\"https:\/\/born2sell.fr\/index.php\/produit\/bmw-335i-n54-full-historique\/\" class=\"wc-block-grid__product-link woocommerce-loop-image-link woocommerce-LoopProduct-link woocommerce-loop-product__link\">\n\t\t\t\t\t<img decoding=\"async\" width=\"300\" height=\"200\" src=\"https:\/\/born2sell.fr\/wp-content\/uploads\/2026\/01\/e5c20d51733b0f79ae9a211c90b5e24ec9362d13-300x200.jpg\" class=\"attachment-woocommerce_thumbnail size-woocommerce_thumbnail\" alt=\"Bmw 335i - n54 - full historique\" \/>\n\t\t\t\t\t\n\t\t\t\t<\/a>\n\t\t\t\t<div class=\"product-details content-bg entry-content-wrap\">\n\t\t\t\t\t<a href=\"https:\/\/born2sell.fr\/index.php\/produit\/bmw-335i-n54-full-historique\/\" class=\"wc-block-grid__product-title-link\">\n\t\t\t\t\t\t<div class=\"wc-block-grid__product-title\">Bmw 335i &#8211; n54 &#8211; full historique<\/div>\n\t\t\t\t\t<\/a>\n\t\t\t\t\t\n\t\t\t\t\t<div class=\"wc-block-grid__product-price price\"><\/div>\n\t\t\t\t\t<div class=\"wp-block-button wc-block-grid__product-add-to-cart\"><a href=\"https:\/\/born2sell.fr\/index.php\/produit\/bmw-335i-n54-full-historique\/\" aria-label=\"En savoir plus sur &ldquo;Bmw 335i - n54 - full historique&rdquo;\" data-quantity=\"1\" data-product_id=\"340\" data-product_sku=\"\" rel=\"nofollow\" class=\"wp-block-button__link add_to_cart_button\">Lire la suite<span class=\"kadence-svg-iconset svg-baseline\"><svg aria-hidden=\"true\" class=\"kadence-svg-icon kadence-arrow-right-alt-svg\" fill=\"currentColor\" version=\"1.1\" xmlns=\"http:\/\/www.w3.org\/2000\/svg\" width=\"27\" height=\"28\" viewBox=\"0 0 27 28\"><title>Continuer<\/title><path d=\"M27 13.953c0 0.141-0.063 0.281-0.156 0.375l-6 5.531c-0.156 0.141-0.359 0.172-0.547 0.094-0.172-0.078-0.297-0.25-0.297-0.453v-3.5h-19.5c-0.281 0-0.5-0.219-0.5-0.5v-3c0-0.281 0.219-0.5 0.5-0.5h19.5v-3.5c0-0.203 0.109-0.375 0.297-0.453s0.391-0.047 0.547 0.078l6 5.469c0.094 0.094 0.156 0.219 0.156 0.359v0z\"><\/path>\n\t\t\t\t<\/svg><\/span><span class=\"kadence-svg-iconset svg-baseline\"><svg class=\"kadence-svg-icon kadence-spinner-svg\" fill=\"currentColor\" version=\"1.1\" xmlns=\"http:\/\/www.w3.org\/2000\/svg\" width=\"16\" height=\"16\" viewBox=\"0 0 16 16\"><title>Chargement<\/title><path d=\"M16 6h-6l2.243-2.243c-1.133-1.133-2.64-1.757-4.243-1.757s-3.109 0.624-4.243 1.757c-1.133 1.133-1.757 2.64-1.757 4.243s0.624 3.109 1.757 4.243c1.133 1.133 2.64 1.757 4.243 1.757s3.109-0.624 4.243-1.757c0.095-0.095 0.185-0.192 0.273-0.292l1.505 1.317c-1.466 1.674-3.62 2.732-6.020 2.732-4.418 0-8-3.582-8-8s3.582-8 8-8c2.209 0 4.209 0.896 5.656 2.344l2.343-2.344v6z\"><\/path>\n\t\t\t\t<\/svg><\/span><span class=\"kadence-svg-iconset svg-baseline\"><svg class=\"kadence-svg-icon kadence-check-svg\" fill=\"currentColor\" version=\"1.1\" xmlns=\"http:\/\/www.w3.org\/2000\/svg\" width=\"16\" height=\"16\" viewBox=\"0 0 16 16\"><title>Termin\u00e9<\/title><path d=\"M14 2.5l-8.5 8.5-3.5-3.5-1.5 1.5 5 5 10-10z\"><\/path>\n\t\t\t\t<\/svg><\/span><\/a><\/div>\n\t\t\t\t<\/div>\n\t\t\t<\/li><li class=\"wc-block-grid__product entry loop-entry content-bg woo-archive-action-on-hover woo-archive-btn-text product-loop-boxed woo-archive-image-hover-none\"><a href=\"https:\/\/born2sell.fr\/index.php\/produit\/audi-tt-rs-virtual-cockpit-bo-led-matrix\/\" class=\"wc-block-grid__product-link woocommerce-loop-image-link woocommerce-LoopProduct-link woocommerce-loop-product__link\">\n\t\t\t\t\t<img loading=\"lazy\" decoding=\"async\" width=\"300\" height=\"200\" src=\"https:\/\/born2sell.fr\/wp-content\/uploads\/2026\/01\/96deb45abf011fe7c4e20faa4ca2606fe0e9c689-300x200.jpg\" class=\"attachment-woocommerce_thumbnail size-woocommerce_thumbnail\" alt=\"Audi TT RS - Virtual cockpit - B&amp;O - LED Matrix\" \/>\n\t\t\t\t\t\n\t\t\t\t<\/a>\n\t\t\t\t<div class=\"product-details content-bg entry-content-wrap\">\n\t\t\t\t\t<a href=\"https:\/\/born2sell.fr\/index.php\/produit\/audi-tt-rs-virtual-cockpit-bo-led-matrix\/\" class=\"wc-block-grid__product-title-link\">\n\t\t\t\t\t\t<div class=\"wc-block-grid__product-title\">Audi TT RS &#8211; Virtual cockpit &#8211; B&amp;O &#8211; LED Matrix<\/div>\n\t\t\t\t\t<\/a>\n\t\t\t\t\t\n\t\t\t\t\t<div class=\"wc-block-grid__product-price price\"><\/div>\n\t\t\t\t\t<div class=\"wp-block-button wc-block-grid__product-add-to-cart\"><a href=\"https:\/\/born2sell.fr\/index.php\/produit\/audi-tt-rs-virtual-cockpit-bo-led-matrix\/\" aria-label=\"En savoir plus sur &ldquo;Audi TT RS - Virtual cockpit - B&amp;O - LED Matrix&rdquo;\" data-quantity=\"1\" data-product_id=\"327\" data-product_sku=\"\" rel=\"nofollow\" class=\"wp-block-button__link add_to_cart_button\">Lire la suite<span class=\"kadence-svg-iconset svg-baseline\"><svg aria-hidden=\"true\" class=\"kadence-svg-icon kadence-arrow-right-alt-svg\" fill=\"currentColor\" version=\"1.1\" xmlns=\"http:\/\/www.w3.org\/2000\/svg\" width=\"27\" height=\"28\" viewBox=\"0 0 27 28\"><title>Continuer<\/title><path d=\"M27 13.953c0 0.141-0.063 0.281-0.156 0.375l-6 5.531c-0.156 0.141-0.359 0.172-0.547 0.094-0.172-0.078-0.297-0.25-0.297-0.453v-3.5h-19.5c-0.281 0-0.5-0.219-0.5-0.5v-3c0-0.281 0.219-0.5 0.5-0.5h19.5v-3.5c0-0.203 0.109-0.375 0.297-0.453s0.391-0.047 0.547 0.078l6 5.469c0.094 0.094 0.156 0.219 0.156 0.359v0z\"><\/path>\n\t\t\t\t<\/svg><\/span><span class=\"kadence-svg-iconset svg-baseline\"><svg class=\"kadence-svg-icon kadence-spinner-svg\" fill=\"currentColor\" version=\"1.1\" xmlns=\"http:\/\/www.w3.org\/2000\/svg\" width=\"16\" height=\"16\" viewBox=\"0 0 16 16\"><title>Chargement<\/title><path d=\"M16 6h-6l2.243-2.243c-1.133-1.133-2.64-1.757-4.243-1.757s-3.109 0.624-4.243 1.757c-1.133 1.133-1.757 2.64-1.757 4.243s0.624 3.109 1.757 4.243c1.133 1.133 2.64 1.757 4.243 1.757s3.109-0.624 4.243-1.757c0.095-0.095 0.185-0.192 0.273-0.292l1.505 1.317c-1.466 1.674-3.62 2.732-6.020 2.732-4.418 0-8-3.582-8-8s3.582-8 8-8c2.209 0 4.209 0.896 5.656 2.344l2.343-2.344v6z\"><\/path>\n\t\t\t\t<\/svg><\/span><span class=\"kadence-svg-iconset svg-baseline\"><svg class=\"kadence-svg-icon kadence-check-svg\" fill=\"currentColor\" version=\"1.1\" xmlns=\"http:\/\/www.w3.org\/2000\/svg\" width=\"16\" height=\"16\" viewBox=\"0 0 16 16\"><title>Termin\u00e9<\/title><path d=\"M14 2.5l-8.5 8.5-3.5-3.5-1.5 1.5 5 5 10-10z\"><\/path>\n\t\t\t\t<\/svg><\/span><\/a><\/div>\n\t\t\t\t<\/div>\n\t\t\t<\/li><\/ul><\/div><\/div><\/div>\n\n<\/div><\/div><\/div><\/div>\n","protected":false},"excerpt":{"rendered":"<p>Les derni\u00e8res nouveaut\u00e9s<\/p>\n","protected":false},"author":1,"featured_media":0,"parent":0,"menu_order":0,"comment_status":"closed","ping_status":"closed","template":"","meta":{"_acf_changed":false,"_kad_blocks_custom_css":"","_kad_blocks_head_custom_js":"","_kad_blocks_body_custom_js":"","_kad_blocks_footer_custom_js":"","_kadence_starter_templates_imported_post":false,"_kad_post_transparent":"","_kad_post_title":"hide","_kad_post_layout":"","_kad_post_sidebar_id":"","_kad_post_content_style":"","_kad_post_vertical_padding":"","_kad_post_feature":"","_kad_post_feature_position":"","_kad_post_header":false,"_kad_post_footer":false,"_kad_post_classname":"","footnotes":""},"class_list":["post-18","page","type-page","status-publish","hentry"],"acf":[],"taxonomy_info":[],"featured_image_src_large":false,"author_info":{"display_name":"admin1182","author_link":"https:\/\/born2sell.fr\/index.php\/author\/admin1182\/"},"comment_info":0,"jetpack_sharing_enabled":true,"_links":{"self":[{"href":"https:\/\/born2sell.fr\/index.php\/wp-json\/wp\/v2\/pages\/18","targetHints":{"allow":["GET"]}}],"collection":[{"href":"https:\/\/born2sell.fr\/index.php\/wp-json\/wp\/v2\/pages"}],"about":[{"href":"https:\/\/born2sell.fr\/index.php\/wp-json\/wp\/v2\/types\/page"}],"author":[{"embeddable":true,"href":"https:\/\/born2sell.fr\/index.php\/wp-json\/wp\/v2\/users\/1"}],"replies":[{"embeddable":true,"href":"https:\/\/born2sell.fr\/index.php\/wp-json\/wp\/v2\/comments?post=18"}],"version-history":[{"count":26,"href":"https:\/\/born2sell.fr\/index.php\/wp-json\/wp\/v2\/pages\/18\/revisions"}],"predecessor-version":[{"id":751,"href":"https:\/\/born2sell.fr\/index.php\/wp-json\/wp\/v2\/pages\/18\/revisions\/751"}],"wp:attachment":[{"href":"https:\/\/born2sell.fr\/index.php\/wp-json\/wp\/v2\/media?parent=18"}],"curies":[{"name":"wp","href":"https:\/\/api.w.org\/{rel}","templated":true}]}}